{"id":357,"date":"2018-07-05T11:34:24","date_gmt":"2018-07-05T09:34:24","guid":{"rendered":"http:\/\/www.heidileitner.com\/home\/"},"modified":"2018-07-05T11:34:25","modified_gmt":"2018-07-05T09:34:25","slug":"home","status":"publish","type":"page","link":"http:\/\/www.heidileitner.com\/en\/","title":{"rendered":"Home"},"content":{"rendered":"<p>[et_pb_section bb_built=&#8221;1&#8243; admin_label=&#8221;Header&#8221; _builder_version=&#8221;3.8.1&#8243; use_background_color_gradient=&#8221;on&#8221; background_color_gradient_start=&#8221;#edcf6c&#8221; background_color_gradient_end=&#8221;#edd27b&#8221; background_color_gradient_direction=&#8221;131deg&#8221; custom_padding=&#8221;0px|0px|100px|0px&#8221; animation_style=&#8221;slide&#8221; animation_direction=&#8221;top&#8221; animation_intensity_slide=&#8221;2%&#8221; animation_starting_opacity=&#8221;100%&#8221; next_background_color=&#8221;#ffffff&#8221; global_module=&#8221;280&#8243;][et_pb_row global_parent=&#8221;280&#8243; use_custom_width=&#8221;on&#8221; custom_width_px=&#8221;1421px&#8221; custom_padding=&#8221;0px|||&#8221; custom_margin=&#8221;0px|||&#8221; _builder_version=&#8221;3.8.1&#8243; background_size=&#8221;initial&#8221; background_position=&#8221;top_left&#8221; background_repeat=&#8221;repeat&#8221;][et_pb_column type=&#8221;1_2&#8243;][et_pb_image admin_label=&#8221;Logo&#8221; global_parent=&#8221;280&#8243; src=&#8221;http:\/\/www.heidileitner.com\/wp-content\/uploads\/2018\/06\/logo.png&#8221; align=&#8221;right&#8221; _builder_version=&#8221;3.8.1&#8243; max_width=&#8221;45%&#8221; module_alignment=&#8221;center&#8221; custom_margin=&#8221;|||&#8221; custom_padding=&#8221;400px|||&#8221; custom_padding_last_edited=&#8221;on|phone&#8221; custom_padding_tablet=&#8221;150px|||&#8221; custom_padding_phone=&#8221;100px|||&#8221; \/][\/et_pb_column][et_pb_column type=&#8221;1_2&#8243;][et_pb_image global_parent=&#8221;280&#8243; src=&#8221;http:\/\/www.heidileitner.com\/wp-content\/uploads\/2018\/06\/heidi-leitner.png&#8221; show_bottom_space=&#8221;off&#8221; align=&#8221;right&#8221; disabled_on=&#8221;off|off|off&#8221; _builder_version=&#8221;3.8.1&#8243; animation_style=&#8221;slide&#8221; animation_direction=&#8221;right&#8221; animation_intensity_slide=&#8221;6%&#8221; always_center_on_mobile=&#8221;off&#8221; disabled=&#8221;off&#8221; \/][\/et_pb_column][\/et_pb_row][\/et_pb_section][et_pb_section bb_built=&#8221;1&#8243; _builder_version=&#8221;3.0.47&#8243; prev_background_color=&#8221;#000000&#8243; next_background_color=&#8221;#000000&#8243;][et_pb_row _builder_version=&#8221;3.8.1&#8243; background_size=&#8221;initial&#8221; background_position=&#8221;top_left&#8221; background_repeat=&#8221;repeat&#8221;][et_pb_column type=&#8221;1_3&#8243;][et_pb_image admin_label=&#8221;Hallo&#8221; src=&#8221;http:\/\/www.heidileitner.com\/wp-content\/uploads\/2018\/06\/hallo-willkommen-eng.png&#8221; _builder_version=&#8221;3.8.1&#8243; max_width=&#8221;90%&#8221; custom_padding=&#8221;150px|||&#8221; custom_padding_tablet=&#8221;40px|||&#8221; custom_padding_phone=&#8221;20px|||&#8221; custom_padding_last_edited=&#8221;on|tablet&#8221;]<\/p>\n<p>&nbsp;<\/p>\n<p>[\/et_pb_image][\/et_pb_column][et_pb_column type=&#8221;2_3&#8243;][et_pb_text _builder_version=&#8221;3.6&#8243; text_font=&#8221;Montserrat|300||on|||||&#8221; text_font_size=&#8221;14px&#8221; text_letter_spacing=&#8221;3px&#8221; header_font=&#8221;||||||||&#8221;]<\/p>\n<p><strong>Hello, I am Heidi Leitner, sculptress based in Italy.<\/strong> My art is an art of observation.<br \/>\nIt is about the process of seeing fine differences, uneven areas and irregularities in a structure that otherwise appears smooth.<\/p>\n<p>[\/et_pb_text][et_pb_text _builder_version=&#8221;3.6&#8243; text_font=&#8221;||||||||&#8221;]<\/p>\n<p>It is contrasts that interest me most: the naivety of youth and the maturity of experience, the tangible here and now and the enlightening vastness, the carefree frisky kitten and the intensely concentrating predator. They never truly find each other: they prick up their ears, sense the proximity of their counterpart and hear each other breathe, but they cannot get along together. This gentle tugging and teasing of a time-honoured animosity is the subject of my art. For me, it is not about depicting one extreme or the other, and it is also not about reconciliation. It is solely about noticing and examining little details. And I think that one can see where the ruptures and rips are. I do not see any more or any better than the next person, but I see in a targeted, precise way: I observe, and that is where my art comes from. The artistic process leads to a unification of the \u201cbig three\u201d (meeting either with their anger or an ecstatic grin): me, the artist who has made the observation; the scrutinising eye of the public, and the work itself. Therein lies my artistic objective: to take the three of us by the hand and lead us to a single location, to a place where we can be together undisturbed and examine one another, a place to which only the artistic dance can take us.<\/p>\n<p>[\/et_pb_text][\/et_pb_column][\/et_pb_row][\/et_pb_section][et_pb_section bb_built=&#8221;1&#8243; _builder_version=&#8221;3.8.1&#8243; background_image=&#8221;http:\/\/www.heidileitner.com\/wp-content\/uploads\/2018\/06\/bg-yakima.jpg&#8221; parallax=&#8221;on&#8221; prev_background_color=&#8221;#ffffff&#8221; next_background_color=&#8221;#edcf6c&#8221; global_module=&#8221;287&#8243;][et_pb_row global_parent=&#8221;287&#8243; make_fullwidth=&#8221;on&#8221; _builder_version=&#8221;3.6&#8243;][et_pb_column type=&#8221;1_4&#8243;][\/et_pb_column][et_pb_column type=&#8221;1_4&#8243;][et_pb_text admin_label=&#8221;Text Meine Leidenschaft&#8221; global_parent=&#8221;287&#8243; _builder_version=&#8221;3.8.1&#8243; header_5_font=&#8221;|||on|||||&#8221; background_color=&#8221;#ffffff&#8221; border_width_top=&#8221;6px&#8221; border_color_top=&#8221;#edcf6c&#8221; custom_margin=&#8221;400px|||80px&#8221; custom_padding=&#8221;40px|40px|40px|40px|true|true&#8221; custom_margin_tablet=&#8221;200px|||80px&#8221; custom_margin_phone=&#8221;50px|||30px&#8221; custom_margin_last_edited=&#8221;on|phone&#8221; custom_padding_phone=&#8221;20px|20px|20px|20px&#8221; custom_padding_last_edited=&#8221;on|phone&#8221;]<\/p>\n<h5>My passion<\/h5>\n<p>I have published some of my work on this website. Take a look:<\/p>\n<p><a href=\"\/?page_id=138\"><em>Portfolio &gt;<\/em><\/a><\/p>\n<p>[\/et_pb_text][\/et_pb_column][et_pb_column type=&#8221;1_2&#8243;][et_pb_image global_parent=&#8221;287&#8243; src=&#8221;http:\/\/www.heidileitner.com\/wp-content\/uploads\/2018\/06\/bilder-referenzen.png&#8221; url=&#8221;http:\/\/www.heidileitner.com\/en\/portfolio\/&#8221; _builder_version=&#8221;3.9&#8243; max_width=&#8221;80%&#8221;]<\/p>\n<p>&nbsp;<\/p>\n<p>[\/et_pb_image][\/et_pb_column][\/et_pb_row][\/et_pb_section][et_pb_section bb_built=&#8221;1&#8243; _builder_version=&#8221;3.9&#8243; background_color=&#8221;#edcf6c&#8221; prev_background_color=&#8221;#ffffff&#8221; global_module=&#8221;282&#8243;][et_pb_row global_parent=&#8221;282&#8243; make_fullwidth=&#8221;on&#8221; _builder_version=&#8221;3.9&#8243;][et_pb_column type=&#8221;4_4&#8243;][et_pb_text admin_label=&#8221;Footer&#8221; global_parent=&#8221;282&#8243; _builder_version=&#8221;3.9&#8243; text_font=&#8221;Montserrat|300||on|||||&#8221; text_font_size=&#8221;14px&#8221; text_letter_spacing=&#8221;3px&#8221; link_text_color=&#8221;#020202&#8243;]<\/p>\n<p><strong>Heidi Leitner, Sculptress based in South Tyrol \/ Italy.<\/strong> info@heidileitner.com \/\/ +39 340 303 4591 (I)<br \/>\nStudio \/\/ Visits by appointment only! \/\/ via Sonnberg 02 \/\/ 39030 Terento \/\/ BZ \/\/ IT<\/p>\n<p style=\"text-align: right;\"><a href=\"http:\/\/www.heidileitner.com\/en\/imprint\/\">Copyright <\/a>\/\/ <a href=\"http:\/\/www.heidileitner.com\/en\/imprint\/\">Imprint<\/a> \/\/ <a href=\"http:\/\/www.heidileitner.com\/en\/privacy-policy\/\">privacy policy<\/a><\/p>\n<p>[\/et_pb_text][\/et_pb_column][\/et_pb_row][\/et_pb_section]<\/p>\n","protected":false},"excerpt":{"rendered":"<p>&nbsp; Hello, I am Heidi Leitner, sculptress based in Italy. My art is an art of observation. It is about the process of seeing fine differences, uneven areas and irregularities in a structure that otherwise appears smooth. It is contrasts that interest me most: the naivety of youth and the maturity of experience, the tangible [&hellip;]<\/p>\n","protected":false},"author":1,"featured_media":0,"parent":0,"menu_order":0,"comment_status":"closed","ping_status":"open","template":"","meta":{"_et_pb_use_builder":"on","_et_pb_old_content":"<p>Dies ist eine Beispiel-Seite. Sie unterscheidet sich von Beitr\u00e4gen, da sie stets an der selben Stelle bleibt und (bei den meisten Themes) in der Navigation angezeigt wird. Die meisten Leute starten mit einem Impressum, der Datenschutzerkl\u00e4rung oder einer \u201e\u00dcber uns\u201c-Seite mit einer Vorstellung f\u00fcr m\u00f6gliche Besucher der Website. Dort k\u00f6nnte zum Beispiel stehen:<\/p><blockquote><p>Hallo! Tags\u00fcber arbeite ich als Fahrradkurier, nachts bin ich ein aufstrebender Schauspieler und dies hier ist meine Website. Ich lebe in Berlin, habe einen gro\u00dfen Hund namens Jack, mag Pi\u00f1a Coladas, jedoch weniger (ohne Schirm) im Regen stehen gelassen zu werden.<\/p><\/blockquote><p>...oder sowas wie:<\/p><blockquote><p>Unsere Firma XYZ wurde 1971 gegr\u00fcndet und hat seither eine Menge hochqualitativen ABC f\u00fcr die \u00d6ffentlichkeit produziert. Ans\u00e4ssig in Gotham City, hat XYZ mittlerweile \u00fcber 2.000 Mitarbeiter und entwickelt immer wieder gro\u00dfartige Dinge f\u00fcr die ganze Gotham-Gemeinschaft.<\/p><\/blockquote><p>Als neuer WordPress-Benutzer solltest du das <a href=\"http:\/\/www.heidileitner.com\/wp-admin\/\">Dashboard<\/a> aufrufen, um diese Seite zu l\u00f6schen und statt dessen eine neue Seite mit deinen eigenen Inhalten erstellen. Viel Spa\u00df!<\/p>","_et_gb_content_width":"","footnotes":""},"class_list":["post-357","page","type-page","status-publish","hentry"],"_links":{"self":[{"href":"http:\/\/www.heidileitner.com\/en\/wp-json\/wp\/v2\/pages\/357","targetHints":{"allow":["GET"]}}],"collection":[{"href":"http:\/\/www.heidileitner.com\/en\/wp-json\/wp\/v2\/pages"}],"about":[{"href":"http:\/\/www.heidileitner.com\/en\/wp-json\/wp\/v2\/types\/page"}],"author":[{"embeddable":true,"href":"http:\/\/www.heidileitner.com\/en\/wp-json\/wp\/v2\/users\/1"}],"replies":[{"embeddable":true,"href":"http:\/\/www.heidileitner.com\/en\/wp-json\/wp\/v2\/comments?post=357"}],"version-history":[{"count":1,"href":"http:\/\/www.heidileitner.com\/en\/wp-json\/wp\/v2\/pages\/357\/revisions"}],"predecessor-version":[{"id":359,"href":"http:\/\/www.heidileitner.com\/en\/wp-json\/wp\/v2\/pages\/357\/revisions\/359"}],"wp:attachment":[{"href":"http:\/\/www.heidileitner.com\/en\/wp-json\/wp\/v2\/media?parent=357"}],"curies":[{"name":"wp","href":"https:\/\/api.w.org\/{rel}","templated":true}]}}