{"id":365,"date":"2018-07-05T11:44:58","date_gmt":"2018-07-05T09:44:58","guid":{"rendered":"http:\/\/www.heidileitner.com\/about-me\/"},"modified":"2018-07-05T11:44:59","modified_gmt":"2018-07-05T09:44:59","slug":"about-me","status":"publish","type":"page","link":"http:\/\/www.heidileitner.com\/en\/about-me\/","title":{"rendered":"About me"},"content":{"rendered":"<p>[et_pb_section bb_built=&#8221;1&#8243; admin_label=&#8221;Header&#8221; _builder_version=&#8221;3.8.1&#8243; use_background_color_gradient=&#8221;on&#8221; background_color_gradient_start=&#8221;#edcf6c&#8221; background_color_gradient_end=&#8221;#edd27b&#8221; background_color_gradient_direction=&#8221;131deg&#8221; custom_padding=&#8221;0px|0px|100px|0px&#8221; animation_style=&#8221;slide&#8221; animation_direction=&#8221;top&#8221; animation_intensity_slide=&#8221;2%&#8221; animation_starting_opacity=&#8221;100%&#8221; next_background_color=&#8221;#ffffff&#8221; global_module=&#8221;280&#8243;][et_pb_row global_parent=&#8221;280&#8243; use_custom_width=&#8221;on&#8221; custom_width_px=&#8221;1421px&#8221; custom_padding=&#8221;0px|||&#8221; custom_margin=&#8221;0px|||&#8221; _builder_version=&#8221;3.8.1&#8243; background_size=&#8221;initial&#8221; background_position=&#8221;top_left&#8221; background_repeat=&#8221;repeat&#8221;][et_pb_column type=&#8221;1_2&#8243;][et_pb_image admin_label=&#8221;Logo&#8221; global_parent=&#8221;280&#8243; src=&#8221;http:\/\/www.heidileitner.com\/wp-content\/uploads\/2018\/06\/logo.png&#8221; align=&#8221;right&#8221; _builder_version=&#8221;3.8.1&#8243; max_width=&#8221;45%&#8221; module_alignment=&#8221;center&#8221; custom_margin=&#8221;|||&#8221; custom_padding=&#8221;400px|||&#8221; custom_padding_last_edited=&#8221;on|phone&#8221; custom_padding_tablet=&#8221;150px|||&#8221; custom_padding_phone=&#8221;100px|||&#8221; \/][\/et_pb_column][et_pb_column type=&#8221;1_2&#8243;][et_pb_image global_parent=&#8221;280&#8243; src=&#8221;http:\/\/www.heidileitner.com\/wp-content\/uploads\/2018\/06\/heidi-leitner.png&#8221; show_bottom_space=&#8221;off&#8221; align=&#8221;right&#8221; disabled_on=&#8221;off|off|off&#8221; _builder_version=&#8221;3.8.1&#8243; animation_style=&#8221;slide&#8221; animation_direction=&#8221;right&#8221; animation_intensity_slide=&#8221;6%&#8221; always_center_on_mobile=&#8221;off&#8221; disabled=&#8221;off&#8221; \/][\/et_pb_column][\/et_pb_row][\/et_pb_section][et_pb_section bb_built=&#8221;1&#8243; _builder_version=&#8221;3.8.1&#8243; prev_background_color=&#8221;#000000&#8243; next_background_color=&#8221;#000000&#8243; custom_margin=&#8221;0px|0px|0px|0px&#8221; custom_padding=&#8221;0px|0px|0px|0px&#8221; border_style_all=&#8221;none&#8221;][et_pb_row _builder_version=&#8221;3.8.1&#8243; bg_img_1=&#8221;http:\/\/www.heidileitner.com\/wp-content\/uploads\/2018\/06\/heidi-leitner-CV.jpg&#8221; parallax_1=&#8221;on&#8221; make_fullwidth=&#8221;on&#8221; make_equal=&#8221;on&#8221; padding_top_2=&#8221;100px&#8221; padding_right_2=&#8221;200px&#8221; padding_bottom_2=&#8221;100px&#8221; padding_left_2=&#8221;200px&#8221; custom_css_main_element=&#8221;padding:0px;&#8221; gutter_width=&#8221;3&#8243; padding_2_tablet=&#8221;20px|20px|20px|20px&#8221; padding_2_last_edited=&#8221;on|phone&#8221;][et_pb_column type=&#8221;1_2&#8243;][et_pb_divider _builder_version=&#8221;3.8.1&#8243; show_divider=&#8221;off&#8221; height=&#8221;230px&#8221; \/][\/et_pb_column][et_pb_column type=&#8221;1_2&#8243;][et_pb_text admin_label=&#8221;Heidi Leitner wurde 1968 in Brixen (I) geboren&#8221; _builder_version=&#8221;3.8.1&#8243; text_font=&#8221;Montserrat|300||on|||||&#8221; text_font_size=&#8221;14px&#8221; text_letter_spacing=&#8221;3px&#8221;]<\/p>\n<p><strong>Heidi Leitner was born in Bressanone (I) in 1968. <\/strong>She works as a sculptor in South Tyrol with a special passion for wood.<\/p>\n<p>&nbsp;<\/p>\n<p>[\/et_pb_text][et_pb_text admin_label=&#8221;Sie absolvierte eine Ausbildung zur Holzbildhauerin an den traditionsreichen St\u00e4tten&#8221; _builder_version=&#8221;3.8.1&#8243;]<\/p>\n<p>She completed her wood sculptor training in traditional and renowned South Tyrolean statuary institutions with distinction. Her artistic expression has been awarded several jury and audience prizes on various symposia and competitions in Italy, Austria, France, the US, et.al. where she produced wood, stone and ice sculptures. Heidi Leitner\u2019s oeuvre is characterised by a broad form and theme spectrum, but reveals a common denominator. For the artist each of her works represents a detailed and refined manifestation of a very specific observation. She attempts to draw her audience\u2019s attention to little breaks and disruptions within an otherwise even-seeming structure. The artistic aim manifests itself in constructing a fictive space in which the artist and her audience meet to discuss the objects and motifs represented.<\/p>\n<p>[\/et_pb_text][\/et_pb_column][\/et_pb_row][\/et_pb_section][et_pb_section bb_built=&#8221;1&#8243; specialty=&#8221;off&#8221; prev_background_color=&#8221;#000000&#8243; next_background_color=&#8221;#000000&#8243; _builder_version=&#8221;3.8.1&#8243; inner_shadow=&#8221;on&#8221; custom_css_main_element=&#8221;padding:0px;&#8221;][et_pb_row _builder_version=&#8221;3.8.1&#8243; make_fullwidth=&#8221;on&#8221; make_equal=&#8221;on&#8221; bg_img_2=&#8221;http:\/\/www.heidileitner.com\/wp-content\/uploads\/2018\/06\/berg-leute-2.jpg&#8221; bg_img_3=&#8221;http:\/\/www.heidileitner.com\/wp-content\/uploads\/2018\/06\/berg-leute-3.jpg&#8221; bg_img_4=&#8221;http:\/\/www.heidileitner.com\/wp-content\/uploads\/2018\/06\/berg-leute-1.jpg&#8221; padding_right_1=&#8221;100px&#8221; padding_left_1=&#8221;100px&#8221; padding_top_1=&#8221;100px&#8221; padding_bottom_1=&#8221;100px&#8221; background_color=&#8221;#000000&#8243; parallax_2=&#8221;on&#8221; parallax_3=&#8221;on&#8221; parallax_4=&#8221;on&#8221; gutter_width=&#8221;3&#8243; padding_1_tablet=&#8221;50px|50px|50px|50px&#8221; padding_1_last_edited=&#8221;on|tablet&#8221;][et_pb_column type=&#8221;1_4&#8243;][et_pb_text admin_label=&#8221;Highlights&#8221; _builder_version=&#8221;3.8.1&#8243; background_layout=&#8221;dark&#8221;]<\/p>\n<h3>Highlights (Selection)<\/h3>\n<p><strong>2012<\/strong><\/p>\n<p>Mountains&amp;People. Tirol als Landschaft und Identit\u00e4t \/ Messner Mountain Museum Ripa, Schloss Bruneck\/Castello di Brunico 13. 05.-1. 11. 2012<\/p>\n<p><strong>2010\/11<\/strong><\/p>\n<p>Anniversary exhibition in South and North Tyrol: Heidi Leitner \u2013 Sacral Works 1990-2010<\/p>\n<p>[\/et_pb_text][\/et_pb_column][et_pb_column type=&#8221;1_4&#8243;][et_pb_divider _builder_version=&#8221;3.8.1&#8243; show_divider=&#8221;off&#8221; height=&#8221;230px&#8221; \/][\/et_pb_column][et_pb_column type=&#8221;1_4&#8243;][et_pb_divider _builder_version=&#8221;3.8.1&#8243; show_divider=&#8221;off&#8221; height=&#8221;400px&#8221; \/][\/et_pb_column][et_pb_column type=&#8221;1_4&#8243;][et_pb_divider _builder_version=&#8221;3.8.1&#8243; show_divider=&#8221;off&#8221; height=&#8221;400px&#8221; \/][\/et_pb_column][\/et_pb_row][\/et_pb_section][et_pb_section bb_built=&#8221;1&#8243; fullwidth=&#8221;off&#8221; specialty=&#8221;off&#8221; prev_background_color=&#8221;#000000&#8243; next_background_color=&#8221;#000000&#8243;][et_pb_row _builder_version=&#8221;3.8.1&#8243; bg_img_2=&#8221;http:\/\/www.heidileitner.com\/wp-content\/uploads\/2018\/06\/Schafbauer.jpg&#8221; gutter_width=&#8221;3&#8243; make_equal=&#8221;on&#8221;][et_pb_column type=&#8221;2_3&#8243;][et_pb_accordion _builder_version=&#8221;3.8.1&#8243; closed_toggle_background_color=&#8221;#f2f0ed&#8221; border_color_all=&#8221;#edcf6c&#8221; icon_color=&#8221;#edcf6c&#8221;][et_pb_accordion_item _builder_version=&#8221;3.8.1&#8243; title=&#8221;Awards&#8221; use_background_color_gradient=&#8221;off&#8221; background_color_gradient_start=&#8221;#2b87da&#8221; background_color_gradient_end=&#8221;#29c4a9&#8243; background_color_gradient_type=&#8221;linear&#8221; background_color_gradient_direction=&#8221;180deg&#8221; background_color_gradient_direction_radial=&#8221;center&#8221; background_color_gradient_start_position=&#8221;0%&#8221; background_color_gradient_end_position=&#8221;100%&#8221; background_color_gradient_overlays_image=&#8221;off&#8221; parallax=&#8221;off&#8221; parallax_method=&#8221;on&#8221; background_size=&#8221;cover&#8221; background_position=&#8221;center&#8221; background_repeat=&#8221;no-repeat&#8221; background_blend=&#8221;normal&#8221; allow_player_pause=&#8221;off&#8221; background_video_pause_outside_viewport=&#8221;on&#8221; text_shadow_style=&#8221;none&#8221; box_shadow_style=&#8221;none&#8221; text_shadow_horizontal_length=&#8221;0em&#8221; text_shadow_vertical_length=&#8221;0em&#8221; text_shadow_blur_strength=&#8221;0em&#8221;]<\/p>\n<ul>\n<li>1991 \u201eArte in Strada\u201c, Desenzano del Garda (I) (1\u00ba premio con \u201ePettegolezzo\u201d)<\/li>\n<li>1992 Concorso \u201eCorte Franca Brescia\u201c (I) (3\u00ba premio)<\/li>\n<li>1992 \u201eEisart 1992\u201d, Fairbanks\/Alaska (USA) (3rd prize with \u201eDancing with the Flowers)<\/li>\n<li>1994 Schneeskulpturen, Seefeld (A) (2. Preis)<\/li>\n<li>1994 Wettbewerb \u201ePassion Christi\u201c f\u00fcr den Friedhof San Christina (I) (1. Preis verbunden mit dem Auftrag zur Fertigung von f\u00fcnf lebensgro\u00dfen Bronzereliefs)<\/li>\n<li>1995 \u201eEisart 1995\u201c Fairbanks\/Alaska (USA) (2nd prize with \u201eWaking Up the Birds\u201c)<\/li>\n<li>1997 Schneeskulpturen, Livigno (I) (Publikumspreis)<\/li>\n<li>2008 \u201eEurop\u00e4ischer Gestaltungspreis der Landesinnung der Holzbildhauer Baden W\u00fcrttembergs\u201c, Stuttgart (D)<\/li>\n<li>2009 \u201e3\u00b0 edizione della Festa del Cioccolato a Monguelfo\u201c (premio del pubblico con la scultura \u201ePegasus\u201d), Monguelfo (I)<\/li>\n<li>2015 Bischof-Heinrich-Tenhumberg-Preis f\u00fcr vorbildliches Krippenschaffen<\/li>\n<\/ul>\n<p>[\/et_pb_accordion_item][et_pb_accordion_item _builder_version=&#8221;3.8.1&#8243; title=&#8221;Personal Exhibitions&#8221; use_background_color_gradient=&#8221;off&#8221; background_color_gradient_start=&#8221;#2b87da&#8221; background_color_gradient_end=&#8221;#29c4a9&#8243; background_color_gradient_type=&#8221;linear&#8221; background_color_gradient_direction=&#8221;180deg&#8221; background_color_gradient_direction_radial=&#8221;center&#8221; background_color_gradient_start_position=&#8221;0%&#8221; background_color_gradient_end_position=&#8221;100%&#8221; background_color_gradient_overlays_image=&#8221;off&#8221; parallax=&#8221;off&#8221; parallax_method=&#8221;on&#8221; background_size=&#8221;cover&#8221; background_position=&#8221;center&#8221; background_repeat=&#8221;no-repeat&#8221; background_blend=&#8221;normal&#8221; allow_player_pause=&#8221;off&#8221; background_video_pause_outside_viewport=&#8221;on&#8221; text_shadow_style=&#8221;none&#8221; box_shadow_style=&#8221;none&#8221;]<\/p>\n<ul>\n<li>1998 Circolo Artistico e Culturale, Ortisei (I)<\/li>\n<li>1999 Castel Schloss Welsperg, Monguelfo (I)<\/li>\n<li>2009 Castel Schloss Welsperg, Monguelfo (I)<\/li>\n<li>2009 Art-Galerie Hofburg, Bressanone (I)<\/li>\n<li>2010\/11 Rathaus Bruneck (I), Norz, Innsbruck (A), Galerie Hosp, Nassereith (A), Galerie Hofburg, Bressanone (I)<\/li>\n<li>2012 Messner Mountain Museum Ripa, Brunico (I)<\/li>\n<\/ul>\n<p>[\/et_pb_accordion_item][et_pb_accordion_item _builder_version=&#8221;3.8.1&#8243; title=&#8221;Collective Exhibitions&#8221; use_background_color_gradient=&#8221;off&#8221; background_color_gradient_start=&#8221;#2b87da&#8221; background_color_gradient_end=&#8221;#29c4a9&#8243; background_color_gradient_type=&#8221;linear&#8221; background_color_gradient_direction=&#8221;180deg&#8221; background_color_gradient_direction_radial=&#8221;center&#8221; background_color_gradient_start_position=&#8221;0%&#8221; background_color_gradient_end_position=&#8221;100%&#8221; background_color_gradient_overlays_image=&#8221;off&#8221; parallax=&#8221;off&#8221; parallax_method=&#8221;on&#8221; background_size=&#8221;cover&#8221; background_position=&#8221;center&#8221; background_repeat=&#8221;no-repeat&#8221; background_blend=&#8221;normal&#8221; allow_player_pause=&#8221;off&#8221; background_video_pause_outside_viewport=&#8221;on&#8221; text_shadow_style=&#8221;none&#8221; box_shadow_style=&#8221;none&#8221; text_shadow_horizontal_length=&#8221;0em&#8221; text_shadow_vertical_length=&#8221;0em&#8221; text_shadow_blur_strength=&#8221;0em&#8221;]<\/p>\n<ul>\n<li>2006 Schloss Anras, Tirol (A)<\/li>\n<li>2007 Museum Bamberg (D)<\/li>\n<li>2008 Galleria La Parada, Brescia (I)<\/li>\n<li>2009 Galerie Artodrome Berlin (D)<\/li>\n<li>2009 Kunsthalle Galerie Hosp, Nassereith (A)<\/li>\n<li>2009 Geno-Haus, Stuttgart (D)<\/li>\n<li>2009 Kunstforum Halle\/Saale (D)<\/li>\n<li>2009\/10 Daetz-Centrum Lichtenstein (D)<\/li>\n<li>2009\/10 Schw\u00e4bisches Krippenmuseum Mindelheim (D)<\/li>\n<li>2009\/10 MAGI\u2019900 \u2013 Museo d\u2019 Arte delle Generazioni Italiane del \u2019900\u201d, Pieve di Cento (Bo) (I)<\/li>\n<li>2010 Regierungspr\u00e4sidium Karlsruhe (D)<\/li>\n<li>2010 Mediathek Oberkirch (D)<\/li>\n<li>2010 Holzbildhauerei Museum, Brienz (CH)<\/li>\n<li>2010 Europaparlament Br\u00fcssel (B)<\/li>\n<li>2011 Rathaus der Stadtgemeinde Bruneck (I)<\/li>\n<li>2011 Claudiana, Innsbruck (A)<\/li>\n<li>2011 Museum der Stadt Schwarzenberg (D)<\/li>\n<li>2011 Piccardsaal, Obergurgl (Austria)<\/li>\n<li>2011 China International Gallery Exposition\/Beijing (China)<\/li>\n<li>2011 LDX-Gallery, Beijing (China)<\/li>\n<li>2012 Schw\u00e4bisches Krippenmuseum Mindelheim (D)<\/li>\n<li>2012\u00a0 Piccardsaal,\u00a0Obergurgl (A)<\/li>\n<li>2015\/16 Krippenausstellung im Religio (Westf\u00e4lisches Museum f\u00fcr religi\u00f6se Kultur) (D)<\/li>\n<\/ul>\n<p>[\/et_pb_accordion_item][et_pb_accordion_item _builder_version=&#8221;3.8.1&#8243; title=&#8221;Art-Fairs&#8221; use_background_color_gradient=&#8221;off&#8221; background_color_gradient_start=&#8221;#2b87da&#8221; background_color_gradient_end=&#8221;#29c4a9&#8243; background_color_gradient_type=&#8221;linear&#8221; background_color_gradient_direction=&#8221;180deg&#8221; background_color_gradient_direction_radial=&#8221;center&#8221; background_color_gradient_start_position=&#8221;0%&#8221; background_color_gradient_end_position=&#8221;100%&#8221; background_color_gradient_overlays_image=&#8221;off&#8221; parallax=&#8221;off&#8221; parallax_method=&#8221;on&#8221; background_size=&#8221;cover&#8221; background_position=&#8221;center&#8221; background_repeat=&#8221;no-repeat&#8221; background_blend=&#8221;normal&#8221; allow_player_pause=&#8221;off&#8221; background_video_pause_outside_viewport=&#8221;on&#8221; text_shadow_style=&#8221;none&#8221; box_shadow_style=&#8221;none&#8221;]<\/p>\n<ul>\n<li>2008 Art Innsbruck (A)<\/li>\n<li>2009 Shanghai Art Fair (China)<\/li>\n<li>2010 CIGE Peking (China)<\/li>\n<li>2010 Shanghai Art Fair (China)<\/li>\n<li>2011 ART Innsbruck (A)<\/li>\n<li>2012 kunStart 2012, Bozen (I)<\/li>\n<li>2012 Affordable Art Fair Roma (I)<\/li>\n<\/ul>\n<p>[\/et_pb_accordion_item][et_pb_accordion_item _builder_version=&#8221;3.8.1&#8243; title=&#8221;Simposia and Competitions&#8221; use_background_color_gradient=&#8221;off&#8221; background_color_gradient_start=&#8221;#2b87da&#8221; background_color_gradient_end=&#8221;#29c4a9&#8243; background_color_gradient_type=&#8221;linear&#8221; background_color_gradient_direction=&#8221;180deg&#8221; background_color_gradient_direction_radial=&#8221;center&#8221; background_color_gradient_start_position=&#8221;0%&#8221; background_color_gradient_end_position=&#8221;100%&#8221; background_color_gradient_overlays_image=&#8221;off&#8221; parallax=&#8221;off&#8221; parallax_method=&#8221;on&#8221; background_size=&#8221;cover&#8221; background_position=&#8221;center&#8221; background_repeat=&#8221;no-repeat&#8221; background_blend=&#8221;normal&#8221; allow_player_pause=&#8221;off&#8221; background_video_pause_outside_viewport=&#8221;on&#8221; text_shadow_style=&#8221;none&#8221; box_shadow_style=&#8221;none&#8221;]<\/p>\n<ul>\n<li>1990 \u201eEx Tempore di Scultura su legno\u201c, Belluno (I)<\/li>\n<li>1991 \u201eCamille Claudel\u201d, La Bresse (F)<\/li>\n<li>1991 \u201eLeonora\u201d, (\u010cSFR)<\/li>\n<li>1992 \u201eScultura Estemporanea in Legno\u201d, Trescore (I)<\/li>\n<li>1993 Steinskulpturen-Symposium, Caorle (I)<\/li>\n<li>1993 \u201eArte in Strada\u201c, Trescore (I)<\/li>\n<li>1994 \u201eSculture su Legno\u201c, Recoaro (I)<\/li>\n<li>1994 Schneeskulpturen, Plose (I)<\/li>\n<li>1995 Holzskulpturen-Symposium, St. Vigil\/Enneberg (I)<\/li>\n<li>1995 Schneeskulpturen bei der Winterolympiade, Albertville (F)<\/li>\n<li>1998 \u201eEx Tempore Scultura in Legno\u201c, Auronzo di Cadore (I)<\/li>\n<li>2007 \u201e1\u00b0 edizione della Festa del Cioccolato a Monguelfo\u201c, Monguelfo (I)<\/li>\n<li>2009 \u201e1980-2009 Artisti A Cortina. Concorso di Sculture di Legno\u201d, Cortina d\u2019Ampezzo (I)<\/li>\n<li>2009 \u201e15\u00b0 edizione del simposio di scultura in legno\u201d, Cordignano\/Treviso (I)<\/li>\n<li>2010: Simposio di scultura lignea, Centro Storico di Cembra (I)<\/li>\n<li>2010: Arte e Solidariet\u00e0 \u2013 XIX Simposio di sculture\/Cortina (I)<\/li>\n<li>2011 IV Simposio di Scultura lignea Val di Cembra (I)<\/li>\n<\/ul>\n<p>[\/et_pb_accordion_item][\/et_pb_accordion][\/et_pb_column][et_pb_column type=&#8221;1_3&#8243;][\/et_pb_column][\/et_pb_row][\/et_pb_section][et_pb_section bb_built=&#8221;1&#8243; _builder_version=&#8221;3.8.1&#8243; background_image=&#8221;http:\/\/www.heidileitner.com\/wp-content\/uploads\/2018\/06\/bg-yakima.jpg&#8221; parallax=&#8221;on&#8221; prev_background_color=&#8221;#ffffff&#8221; next_background_color=&#8221;#edcf6c&#8221; global_module=&#8221;287&#8243;][et_pb_row global_parent=&#8221;287&#8243; make_fullwidth=&#8221;on&#8221; _builder_version=&#8221;3.6&#8243;][et_pb_column type=&#8221;1_4&#8243;][\/et_pb_column][et_pb_column type=&#8221;1_4&#8243;][et_pb_text admin_label=&#8221;Text Meine Leidenschaft&#8221; global_parent=&#8221;287&#8243; _builder_version=&#8221;3.8.1&#8243; header_5_font=&#8221;|||on|||||&#8221; background_color=&#8221;#ffffff&#8221; border_width_top=&#8221;6px&#8221; border_color_top=&#8221;#edcf6c&#8221; custom_margin=&#8221;400px|||80px&#8221; custom_padding=&#8221;40px|40px|40px|40px|true|true&#8221; custom_margin_tablet=&#8221;200px|||80px&#8221; custom_margin_phone=&#8221;50px|||30px&#8221; custom_margin_last_edited=&#8221;on|phone&#8221; custom_padding_phone=&#8221;20px|20px|20px|20px&#8221; custom_padding_last_edited=&#8221;on|phone&#8221;]<\/p>\n<h5>My passion<\/h5>\n<p>I have published some of my work on this website. Take a look:<\/p>\n<p><a href=\"\/?page_id=138\"><em>Portfolio &gt;<\/em><\/a><\/p>\n<p>[\/et_pb_text][\/et_pb_column][et_pb_column type=&#8221;1_2&#8243;][et_pb_image global_parent=&#8221;287&#8243; src=&#8221;http:\/\/www.heidileitner.com\/wp-content\/uploads\/2018\/06\/bilder-referenzen.png&#8221; url=&#8221;http:\/\/www.heidileitner.com\/en\/portfolio\/&#8221; _builder_version=&#8221;3.9&#8243; max_width=&#8221;80%&#8221;]<\/p>\n<p>&nbsp;<\/p>\n<p>[\/et_pb_image][\/et_pb_column][\/et_pb_row][\/et_pb_section][et_pb_section bb_built=&#8221;1&#8243; _builder_version=&#8221;3.8.1&#8243; background_color=&#8221;#edcf6c&#8221; custom_padding=&#8221;|4%||4%&#8221; prev_background_color=&#8221;#ffffff&#8221;][et_pb_row make_fullwidth=&#8221;on&#8221; _builder_version=&#8221;3.6&#8243; collapsed=&#8221;off&#8221;][et_pb_column type=&#8221;4_4&#8243;][et_pb_text admin_label=&#8221;Footer&#8221; _builder_version=&#8221;3.9&#8243; text_font=&#8221;Montserrat|300||on|||||&#8221; text_font_size=&#8221;14px&#8221; text_letter_spacing=&#8221;3px&#8221; link_text_color=&#8221;#020202&#8243;]<\/p>\n<p><strong>Heidi Leitner, Sculptress based in South Tyrol \/ Italy.<\/strong> info@heidileitner.com \/\/ +39 340 303 4591 (I)<br \/>\nStudio \/\/ Visits by appointment only! \/\/ via Sonnberg 02 \/\/ 39030 Terento \/\/ BZ \/\/ IT<\/p>\n<p style=\"text-align: right;\"><a href=\"http:\/\/www.heidileitner.com\/en\/imprint\/\">Copyright <\/a>\/\/ <a href=\"http:\/\/www.heidileitner.com\/en\/imprint\/\">Imprint<\/a> \/\/ <a href=\"http:\/\/www.heidileitner.com\/en\/privacy-policy\/\">privacy policy<\/a><\/p>\n<p>[\/et_pb_text][\/et_pb_column][\/et_pb_row][\/et_pb_section]<\/p>\n","protected":false},"excerpt":{"rendered":"<p>Heidi Leitner was born in Bressanone (I) in 1968. She works as a sculptor in South Tyrol with a special passion for wood. &nbsp; She completed her wood sculptor training in traditional and renowned South Tyrolean statuary institutions with distinction. Her artistic expression has been awarded several jury and audience prizes on various symposia and [&hellip;]<\/p>\n","protected":false},"author":1,"featured_media":0,"parent":0,"menu_order":20,"comment_status":"closed","ping_status":"closed","template":"","meta":{"_et_pb_use_builder":"on","_et_pb_old_content":"","_et_gb_content_width":"","footnotes":""},"class_list":["post-365","page","type-page","status-publish","hentry"],"_links":{"self":[{"href":"http:\/\/www.heidileitner.com\/en\/wp-json\/wp\/v2\/pages\/365","targetHints":{"allow":["GET"]}}],"collection":[{"href":"http:\/\/www.heidileitner.com\/en\/wp-json\/wp\/v2\/pages"}],"about":[{"href":"http:\/\/www.heidileitner.com\/en\/wp-json\/wp\/v2\/types\/page"}],"author":[{"embeddable":true,"href":"http:\/\/www.heidileitner.com\/en\/wp-json\/wp\/v2\/users\/1"}],"replies":[{"embeddable":true,"href":"http:\/\/www.heidileitner.com\/en\/wp-json\/wp\/v2\/comments?post=365"}],"version-history":[{"count":1,"href":"http:\/\/www.heidileitner.com\/en\/wp-json\/wp\/v2\/pages\/365\/revisions"}],"predecessor-version":[{"id":367,"href":"http:\/\/www.heidileitner.com\/en\/wp-json\/wp\/v2\/pages\/365\/revisions\/367"}],"wp:attachment":[{"href":"http:\/\/www.heidileitner.com\/en\/wp-json\/wp\/v2\/media?parent=365"}],"curies":[{"name":"wp","href":"https:\/\/api.w.org\/{rel}","templated":true}]}}